{"id":9489,"date":"2023-07-05T17:10:08","date_gmt":"2023-07-05T14:10:08","guid":{"rendered":"https:\/\/unit.iletimelektrik.com.tr\/termal-kameralar\/?page_id=9489"},"modified":"2023-07-05T17:11:48","modified_gmt":"2023-07-05T14:11:48","slug":"teklif-formu","status":"publish","type":"page","link":"https:\/\/unit.iletimelektrik.com.tr\/termal-kameralar\/teklif-formu\/","title":{"rendered":"Teklif Formu"},"content":{"rendered":"<p>[vc_row][vc_column]<div class=\"grve-element grve-slogan grve-align-center\" style=\"\"><h3 class=\"grve-slogan-title grve-align-center grve-h4\"><span>\u00dcr\u00fcn Teklif Formu<\/span><\/h3>  <p class=\"\">\u0130lgilendi\u011finiz \u00fcr\u00fcnlerle ilgili bize talebinizi iletiniz.<\/p><\/div>[vc_empty_space][\/vc_column][\/vc_row][vc_row][vc_column][vc_column_text]\n<div class=\"wpcf7 no-js\" id=\"wpcf7-f9488-o1\" lang=\"tr-TR\" dir=\"ltr\" data-wpcf7-id=\"9488\">\n<div class=\"screen-reader-response\"><p role=\"status\" aria-live=\"polite\" aria-atomic=\"true\"><\/p> <ul><\/ul><\/div>\n<form action=\"\/termal-kameralar\/wp-json\/wp\/v2\/pages\/9489#wpcf7-f9488-o1\" method=\"post\" class=\"wpcf7-form init\" aria-label=\"\u0130leti\u015fim Formu\" novalidate=\"novalidate\" data-status=\"init\">\n<fieldset class=\"hidden-fields-container\"><input type=\"hidden\" name=\"_wpcf7\" value=\"9488\" \/><input type=\"hidden\" name=\"_wpcf7_version\" value=\"6.1.5\" \/><input type=\"hidden\" name=\"_wpcf7_locale\" value=\"tr_TR\" \/><input type=\"hidden\" name=\"_wpcf7_unit_tag\" value=\"wpcf7-f9488-o1\" \/><input type=\"hidden\" name=\"_wpcf7_container_post\" value=\"0\" \/><input type=\"hidden\" name=\"_wpcf7_posted_data_hash\" value=\"\" \/>\n<\/fieldset>\n<div class=\"grve-form-style-1\">\n\t<div class=\"grve-one-half\">\n\t\t<p>Ad Soyad<span class=\"wpcf7-form-control-wrap\" data-name=\"your-name\"><input size=\"40\" maxlength=\"400\" class=\"wpcf7-form-control wpcf7-text wpcf7-validates-as-required\" aria-required=\"true\" aria-invalid=\"false\" value=\"\" type=\"text\" name=\"your-name\" \/><\/span>\n\t\t<\/p>\n\t<\/div>\n\t<div class=\"grve-one-half\">\n\t\t<p>Firma Ad\u0131 <span class=\"wpcf7-form-control-wrap\" data-name=\"your-name\"><input size=\"40\" maxlength=\"400\" class=\"wpcf7-form-control wpcf7-text\" aria-invalid=\"false\" value=\"\" type=\"text\" name=\"your-name\" \/><\/span>\n\t\t<\/p>\n\t<\/div>\n\t<div class=\"grve-one-half\">\n\t\t<p>E-Posta <span class=\"wpcf7-form-control-wrap\" data-name=\"your-email\"><input size=\"40\" maxlength=\"400\" class=\"wpcf7-form-control wpcf7-email wpcf7-validates-as-required wpcf7-text wpcf7-validates-as-email\" aria-required=\"true\" aria-invalid=\"false\" value=\"\" type=\"email\" name=\"your-email\" \/><\/span>\n\t\t<\/p>\n\t<\/div>\n\t<div class=\"grve-one-half\">\n\t\t<p>Telefon <span class=\"wpcf7-form-control-wrap\" data-name=\"tel-26\"><input size=\"40\" maxlength=\"400\" class=\"wpcf7-form-control wpcf7-tel wpcf7-validates-as-required wpcf7-text wpcf7-validates-as-tel\" aria-required=\"true\" aria-invalid=\"false\" value=\"\" type=\"tel\" name=\"tel-26\" \/><\/span>\n\t\t<\/p>\n\t<\/div>\n\t<div class=\"grve-one-half\">\n\t\t<p>\u00dcr\u00fcn Ad\u0131 <span class=\"wpcf7-form-control-wrap\" data-name=\"text-222\"><input size=\"40\" maxlength=\"400\" class=\"wpcf7-form-control wpcf7-text\" aria-invalid=\"false\" value=\"\" type=\"text\" name=\"text-222\" \/><\/span>\n\t\t<\/p>\n\t<\/div>\n\t<div class=\"grve-one-half\">\n\t\t<p>\u00dcr\u00fcn Adedi <span class=\"wpcf7-form-control-wrap\" data-name=\"number-87\"><input class=\"wpcf7-form-control wpcf7-number wpcf7-validates-as-number\" aria-invalid=\"false\" value=\"\" type=\"number\" name=\"number-87\" \/><\/span>\n\t\t<\/p>\n\t<\/div>\n\t<div class=\"grve-one-half grve-last-column\">\n\t\t<p>\u015eehir <span class=\"wpcf7-form-control-wrap\" data-name=\"text-222\"><input size=\"40\" maxlength=\"400\" class=\"wpcf7-form-control wpcf7-text\" aria-invalid=\"false\" value=\"\" type=\"text\" name=\"text-222\" \/><\/span>\n\t\t<\/p>\n\t<\/div>\n\t<div>\n\t\t<p>Mesaj\u0131n\u0131z <span class=\"wpcf7-form-control-wrap\" data-name=\"your-message\"><textarea cols=\"40\" rows=\"10\" maxlength=\"2000\" class=\"wpcf7-form-control wpcf7-textarea\" aria-invalid=\"false\" name=\"your-message\"><\/textarea><\/span>\n\t\t<\/p>\n\t<\/div>\n\t<div>\n\t\t<p><input class=\"wpcf7-form-control wpcf7-submit has-spinner\" type=\"submit\" value=\"G\u00d6NDER\" \/>\n\t\t<\/p>\n\t<\/div>\n<\/div><div class=\"wpcf7-response-output\" aria-hidden=\"true\"><\/div>\n<\/form>\n<\/div>\n[\/vc_column_text][\/vc_column][\/vc_row][vc_row][vc_column][vc_empty_space height=&#8221;50px&#8221;][\/vc_column][\/vc_row]<\/p>\n","protected":false},"excerpt":{"rendered":"<p>[vc_row][vc_column][vc_empty_space][\/vc_column][\/vc_row][vc_row][vc_column][vc_column_text][\/vc_column_text][\/vc_column][\/vc_row][vc_row][vc_column][vc_empty_space height=&#8221;50px&#8221;][\/vc_column][\/vc_row]<\/p>\n","protected":false},"author":1,"featured_media":0,"parent":0,"menu_order":0,"comment_status":"closed","ping_status":"closed","template":"","meta":{"footnotes":""},"class_list":["post-9489","page","type-page","status-publish","hentry"],"_links":{"self":[{"href":"https:\/\/unit.iletimelektrik.com.tr\/termal-kameralar\/wp-json\/wp\/v2\/pages\/9489","targetHints":{"allow":["GET"]}}],"collection":[{"href":"https:\/\/unit.iletimelektrik.com.tr\/termal-kameralar\/wp-json\/wp\/v2\/pages"}],"about":[{"href":"https:\/\/unit.iletimelektrik.com.tr\/termal-kameralar\/wp-json\/wp\/v2\/types\/page"}],"author":[{"embeddable":true,"href":"https:\/\/unit.iletimelektrik.com.tr\/termal-kameralar\/wp-json\/wp\/v2\/users\/1"}],"replies":[{"embeddable":true,"href":"https:\/\/unit.iletimelektrik.com.tr\/termal-kameralar\/wp-json\/wp\/v2\/comments?post=9489"}],"version-history":[{"count":2,"href":"https:\/\/unit.iletimelektrik.com.tr\/termal-kameralar\/wp-json\/wp\/v2\/pages\/9489\/revisions"}],"predecessor-version":[{"id":9491,"href":"https:\/\/unit.iletimelektrik.com.tr\/termal-kameralar\/wp-json\/wp\/v2\/pages\/9489\/revisions\/9491"}],"wp:attachment":[{"href":"https:\/\/unit.iletimelektrik.com.tr\/termal-kameralar\/wp-json\/wp\/v2\/media?parent=9489"}],"curies":[{"name":"wp","href":"https:\/\/api.w.org\/{rel}","templated":true}]}}